{"id":978,"date":"2011-01-18T20:35:21","date_gmt":"2011-01-18T20:35:21","guid":{"rendered":"http:\/\/funamenn.is\/?page_id=978"},"modified":"2014-02-05T14:20:33","modified_gmt":"2014-02-05T14:20:33","slug":"heimasi%c3%b0ur-felagsmanna-2","status":"publish","type":"page","link":"https:\/\/funamenn.is\/?page_id=978","title":{"rendered":"Heimas\u00ed\u00f0ur f\u00e9lagsmanna"},"content":{"rendered":"<p><a href=\"http:\/\/brunir.net\/\">Br\u00fanir<\/a><br \/>\n<a href=\"http:\/\/www.hrafnagil.is\/\">Hrafnagil<\/a><br \/>\n<a href=\"http:\/\/kalfagerdi.123.is\/home\/\">K\u00e1lfager\u00f0i<\/a><br \/>\n<a href=\"http:\/\/litli-gardur.123.is\/\">Litli-Gar\u00f0ur<\/a><br \/>\n<a href=\"http:\/\/skridan.is\/\">Skri\u00f0a<\/a><br \/>\n<a href=\"http:\/\/www.ystagerdi.net\/\">Ysta-Ger\u00f0i<\/a><br \/>\n<a href=\"http:\/\/www.hoskuldsstadir.is\/\">H\u00f6skuldssta\u00f0ir<\/a><\/p>\n<p>&nbsp;<\/p>\n","protected":false},"excerpt":{"rendered":"<p>Br\u00fanir Hrafnagil K\u00e1lfager\u00f0i Litli-Gar\u00f0ur Skri\u00f0a Ysta-Ger\u00f0i H\u00f6skuldssta\u00f0ir &nbsp;<\/p>\n","protected":false},"author":5,"featured_media":0,"parent":2333,"menu_order":0,"comment_status":"closed","ping_status":"closed","template":"","meta":{"_mi_skip_tracking":false,"_monsterinsights_sitenote_active":false,"_monsterinsights_sitenote_note":"","_monsterinsights_sitenote_category":0,"site-sidebar-layout":"default","site-content-layout":"default","ast-global-header-display":"","ast-banner-title-visibility":"","ast-main-header-display":"","ast-hfb-above-header-display":"","ast-hfb-below-header-display":"","ast-hfb-mobile-header-display":"","site-post-title":"","ast-breadcrumbs-content":"","ast-featured-img":"","footer-sml-layout":"","theme-transparent-header-meta":"","adv-header-id-meta":"","stick-header-meta":"","header-above-stick-meta":"","header-main-stick-meta":"","header-below-stick-meta":"","ngg_post_thumbnail":0},"_links":{"self":[{"href":"https:\/\/funamenn.is\/index.php?rest_route=\/wp\/v2\/pages\/978"}],"collection":[{"href":"https:\/\/funamenn.is\/index.php?rest_route=\/wp\/v2\/pages"}],"about":[{"href":"https:\/\/funamenn.is\/index.php?rest_route=\/wp\/v2\/types\/page"}],"author":[{"embeddable":true,"href":"https:\/\/funamenn.is\/index.php?rest_route=\/wp\/v2\/users\/5"}],"replies":[{"embeddable":true,"href":"https:\/\/funamenn.is\/index.php?rest_route=%2Fwp%2Fv2%2Fcomments&post=978"}],"version-history":[{"count":13,"href":"https:\/\/funamenn.is\/index.php?rest_route=\/wp\/v2\/pages\/978\/revisions"}],"predecessor-version":[{"id":3600,"href":"https:\/\/funamenn.is\/index.php?rest_route=\/wp\/v2\/pages\/978\/revisions\/3600"}],"up":[{"embeddable":true,"href":"https:\/\/funamenn.is\/index.php?rest_route=\/wp\/v2\/pages\/2333"}],"wp:attachment":[{"href":"https:\/\/funamenn.is\/index.php?rest_route=%2Fwp%2Fv2%2Fmedia&parent=978"}],"curies":[{"name":"wp","href":"https:\/\/api.w.org\/{rel}","templated":true}]}}