{"id":5996,"date":"2025-02-14T12:55:38","date_gmt":"2025-02-14T12:55:38","guid":{"rendered":"https:\/\/funamenn.is\/?page_id=5996"},"modified":"2025-02-14T12:55:38","modified_gmt":"2025-02-14T12:55:38","slug":"trecnefnd-stofnud-2022","status":"publish","type":"page","link":"https:\/\/funamenn.is\/?page_id=5996","title":{"rendered":"Trecnefnd stofnu\u00f0 2022"},"content":{"rendered":"\n<p>Anna Sonja \u00c1g\u00fastsd\u00f3ttir forma\u00f0ur<\/p>\n\n\n\n<p>Bjarney Gu\u00f0bj\u00f6rnsd\u00f3ttir<\/p>\n\n\n\n<p>Steingr\u00edmur Magn\u00fasson<\/p>\n\n\n\n<p>Tina Niewet<\/p>\n\n\n\n<p>Hulda Sigger\u00f0ur<\/p>\n\n\n\n<p>Seinn Ingi Kjartanssson<\/p>\n","protected":false},"excerpt":{"rendered":"<p>Anna Sonja \u00c1g\u00fastsd\u00f3ttir forma\u00f0ur Bjarney Gu\u00f0bj\u00f6rnsd\u00f3ttir Steingr\u00edmur Magn\u00fasson Tina Niewet Hulda Sigger\u00f0ur Seinn Ingi Kjartanssson<\/p>\n","protected":false},"author":4,"featured_media":0,"parent":0,"menu_order":0,"comment_status":"closed","ping_status":"closed","template":"","meta":{"_mi_skip_tracking":false,"_monsterinsights_sitenote_active":false,"_monsterinsights_sitenote_note":"","_monsterinsights_sitenote_category":0,"site-sidebar-layout":"default","site-content-layout":"default","ast-global-header-display":"","ast-banner-title-visibility":"","ast-main-header-display":"","ast-hfb-above-header-display":"","ast-hfb-below-header-display":"","ast-hfb-mobile-header-display":"","site-post-title":"","ast-breadcrumbs-content":"","ast-featured-img":"","footer-sml-layout":"","theme-transparent-header-meta":"","adv-header-id-meta":"","stick-header-meta":"","header-above-stick-meta":"","header-main-stick-meta":"","header-below-stick-meta":"","ngg_post_thumbnail":0},"_links":{"self":[{"href":"https:\/\/funamenn.is\/index.php?rest_route=\/wp\/v2\/pages\/5996"}],"collection":[{"href":"https:\/\/funamenn.is\/index.php?rest_route=\/wp\/v2\/pages"}],"about":[{"href":"https:\/\/funamenn.is\/index.php?rest_route=\/wp\/v2\/types\/page"}],"author":[{"embeddable":true,"href":"https:\/\/funamenn.is\/index.php?rest_route=\/wp\/v2\/users\/4"}],"replies":[{"embeddable":true,"href":"https:\/\/funamenn.is\/index.php?rest_route=%2Fwp%2Fv2%2Fcomments&post=5996"}],"version-history":[{"count":1,"href":"https:\/\/funamenn.is\/index.php?rest_route=\/wp\/v2\/pages\/5996\/revisions"}],"predecessor-version":[{"id":5997,"href":"https:\/\/funamenn.is\/index.php?rest_route=\/wp\/v2\/pages\/5996\/revisions\/5997"}],"wp:attachment":[{"href":"https:\/\/funamenn.is\/index.php?rest_route=%2Fwp%2Fv2%2Fmedia&parent=5996"}],"curies":[{"name":"wp","href":"https:\/\/api.w.org\/{rel}","templated":true}]}}