{"id":358,"date":"2010-04-22T10:50:07","date_gmt":"2010-04-22T10:50:07","guid":{"rendered":"http:\/\/funamenn.is\/?page_id=358"},"modified":"2024-04-14T17:54:58","modified_gmt":"2024-04-14T17:54:58","slug":"hrossarett","status":"publish","type":"page","link":"https:\/\/funamenn.is\/?page_id=358","title":{"rendered":"Hrossar\u00e9tt"},"content":{"rendered":"<figure id=\"attachment_359\" aria-describedby=\"caption-attachment-359\" style=\"width: 150px\" class=\"wp-caption alignright\"><a href=\"http:\/\/funamenn.is\/wp-content\/uploads\/2010\/04\/Hrossarett-2008_1.jpg\"><img decoding=\"async\" loading=\"lazy\" class=\"size-thumbnail wp-image-359\" title=\"Hrossarett-2008_1\" src=\"http:\/\/funamenn.is\/wp-content\/uploads\/2010\/04\/Hrossarett-2008_1-150x150.jpg\" alt=\"Hulda \u00ed K\u00e1lfager\u00f0i\" width=\"150\" height=\"150\"><\/a><figcaption id=\"caption-attachment-359\" class=\"wp-caption-text\">Hulda \u00ed K\u00e1lfager\u00f0i athugar b\u00f3khaldi\u00f0<\/figcaption><\/figure>\n<p>Vegleg hrossar\u00e9tt var bygg\u00f0 \u00e1 Melger\u00f0ismelum 1998. Almenningur er uppsteyptur me\u00f0 h\u00e1um veggjum sem mynda gott skj\u00f3l og eru j\u00e1rndilkar \u00ed kring. \u00dear er h\u00e6gt a\u00f0 geyma hross \u00feegar s\u00fdningar eru \u00e1 melunum. Almenningurinn er 20m x 40m og er h\u00e6gt a\u00f0 nota hann til tamninga og \u00fej\u00e1lfunar.<\/p>\n<figure id=\"attachment_360\" aria-describedby=\"caption-attachment-360\" style=\"width: 150px\" class=\"wp-caption alignleft\"><a href=\"http:\/\/funamenn.is\/wp-content\/uploads\/2010\/04\/Hrossarett-2008_2.jpg\"><img decoding=\"async\" loading=\"lazy\" class=\"size-thumbnail wp-image-360\" title=\"Hrossarett-2008_2\" src=\"http:\/\/funamenn.is\/wp-content\/uploads\/2010\/04\/Hrossarett-2008_2-150x150.jpg\" alt=\"St\u00f3\u00f0i\u00f0 kemur\" width=\"150\" height=\"150\"><\/a><figcaption id=\"caption-attachment-360\" class=\"wp-caption-text\">Hrossin rekin til r\u00e9ttar 2008<\/figcaption><\/figure>\n<p>\u00c1 Melger\u00f0ismelum er st\u00e6rsta hrossar\u00e9ttin \u00ed Eyjafi\u00f0ri og koma \u00feanga\u00f0 hross af Dj\u00fapadal, S\u00f6lvadal og M\u00f6\u00f0ruvallafjalli, auk \u00f3skilahrossa af \u00f6\u00f0rum r\u00e9ttum. <strong>R\u00e9tta\u00f0 er fyrsta laugardag \u00ed okt\u00f3ber og hefjast r\u00e9ttarst\u00f6rf kl. 13<\/strong>. Funi selur veitingar \u00e1 r\u00e9ttardaginn. \u00de\u00e1 m\u00e1 ekki gleyma r\u00e9ttardansleik Funa \u00ed Funaborg a\u00f0 kv\u00f6ldi r\u00e9ttardagsins og fram \u00e1 n\u00f3tt.<\/p>\n<div class=\"mceTemp\" style=\"text-align: center;\">\n<div class=\"mceTemp\">\n<figure id=\"attachment_366\" aria-describedby=\"caption-attachment-366\" style=\"width: 300px\" class=\"wp-caption aligncenter\"><a href=\"http:\/\/funamenn.is\/wp-content\/uploads\/2010\/04\/Hrossarett-2008_33.jpg\"><img decoding=\"async\" loading=\"lazy\" class=\"size-medium wp-image-366\" title=\"Hrossarett-2008_3\" src=\"http:\/\/funamenn.is\/wp-content\/uploads\/2010\/04\/Hrossarett-2008_33-300x225.jpg\" alt=\"R\u00e9ttarst\u00f6rf\" width=\"300\" height=\"225\" srcset=\"https:\/\/funamenn.is\/wp-content\/uploads\/2010\/04\/Hrossarett-2008_33-300x225.jpg 300w, https:\/\/funamenn.is\/wp-content\/uploads\/2010\/04\/Hrossarett-2008_33-1024x768.jpg 1024w\" sizes=\"(max-width: 300px) 100vw, 300px\" \/><\/a><figcaption id=\"caption-attachment-366\" class=\"wp-caption-text\">R\u00e9ttarst\u00f6rf<\/figcaption><\/figure>\n<\/div>\n<\/div>\n","protected":false},"excerpt":{"rendered":"<p>Vegleg hrossar\u00e9tt var bygg\u00f0 \u00e1 Melger\u00f0ismelum 1998. Almenningur er uppsteyptur me\u00f0 h\u00e1um veggjum sem mynda gott skj\u00f3l og eru j\u00e1rndilkar \u00ed kring. \u00dear er h\u00e6gt a\u00f0 geyma hross \u00feegar s\u00fdningar eru \u00e1 melunum. Almenningurinn er 20m x 40m og er h\u00e6gt a\u00f0 nota hann til tamninga og \u00fej\u00e1lfunar. \u00c1 Melger\u00f0ismelum er st\u00e6rsta hrossar\u00e9ttin \u00ed Eyjafi\u00f0ri &hellip;<\/p>\n<p class=\"read-more\"> <a class=\"\" href=\"https:\/\/funamenn.is\/?page_id=358\"> <span class=\"screen-reader-text\">Hrossar\u00e9tt<\/span> Read More &raquo;<\/a><\/p>\n","protected":false},"author":4,"featured_media":0,"parent":311,"menu_order":0,"comment_status":"closed","ping_status":"open","template":"","meta":{"_mi_skip_tracking":false,"_monsterinsights_sitenote_active":false,"_monsterinsights_sitenote_note":"","_monsterinsights_sitenote_category":0,"site-sidebar-layout":"default","site-content-layout":"default","ast-global-header-display":"","ast-banner-title-visibility":"","ast-main-header-display":"","ast-hfb-above-header-display":"","ast-hfb-below-header-display":"","ast-hfb-mobile-header-display":"","site-post-title":"","ast-breadcrumbs-content":"","ast-featured-img":"","footer-sml-layout":"","theme-transparent-header-meta":"","adv-header-id-meta":"","stick-header-meta":"","header-above-stick-meta":"","header-main-stick-meta":"","header-below-stick-meta":"","ngg_post_thumbnail":0},"_links":{"self":[{"href":"https:\/\/funamenn.is\/index.php?rest_route=\/wp\/v2\/pages\/358"}],"collection":[{"href":"https:\/\/funamenn.is\/index.php?rest_route=\/wp\/v2\/pages"}],"about":[{"href":"https:\/\/funamenn.is\/index.php?rest_route=\/wp\/v2\/types\/page"}],"author":[{"embeddable":true,"href":"https:\/\/funamenn.is\/index.php?rest_route=\/wp\/v2\/users\/4"}],"replies":[{"embeddable":true,"href":"https:\/\/funamenn.is\/index.php?rest_route=%2Fwp%2Fv2%2Fcomments&post=358"}],"version-history":[{"count":8,"href":"https:\/\/funamenn.is\/index.php?rest_route=\/wp\/v2\/pages\/358\/revisions"}],"predecessor-version":[{"id":5873,"href":"https:\/\/funamenn.is\/index.php?rest_route=\/wp\/v2\/pages\/358\/revisions\/5873"}],"up":[{"embeddable":true,"href":"https:\/\/funamenn.is\/index.php?rest_route=\/wp\/v2\/pages\/311"}],"wp:attachment":[{"href":"https:\/\/funamenn.is\/index.php?rest_route=%2Fwp%2Fv2%2Fmedia&parent=358"}],"curies":[{"name":"wp","href":"https:\/\/api.w.org\/{rel}","templated":true}]}}