{"id":349,"date":"2010-04-22T10:21:07","date_gmt":"2010-04-22T10:21:07","guid":{"rendered":"http:\/\/funamenn.is\/?page_id=349"},"modified":"2012-09-26T19:57:47","modified_gmt":"2012-09-26T19:57:47","slug":"hesthus","status":"publish","type":"page","link":"https:\/\/funamenn.is\/?page_id=349","title":{"rendered":"Hesth\u00fas"},"content":{"rendered":"<p><a href=\"http:\/\/funamenn.is\/wp-content\/uploads\/2010\/04\/Hesth\u00fas.jpg\"><img decoding=\"async\" loading=\"lazy\" class=\"alignright size-medium wp-image-351\" title=\"Hesth\u00fas\" src=\"http:\/\/funamenn.is\/wp-content\/uploads\/2010\/04\/Hesth\u00fas-300x225.jpg\" alt=\"S\u00e9\u00f0p inn \u00ed hesth\u00fas\" width=\"225\" height=\"189\" \/><\/a>\u00c1 Melger\u00f0ismelum er hesth\u00fas sem byggt var \u00e1ri\u00f0 1976, sem st\u00f3\u00f0hestah\u00fas. H\u00fasi\u00f0 var einangra\u00f0 og endurb\u00e6tt \u00e1ri\u00f0 1998. \u00cd \u00fev\u00ed eru 26 eins hesta st\u00edur. Funi \u00e1 h\u00e1lft h\u00fasi\u00f0 og einkaa\u00f0ilar hinn helminginn. H\u00e6gt er a\u00f0 f\u00e1 h\u00fasi\u00f0 leigt undir tamningast\u00f6\u00f0.<\/p>\n","protected":false},"excerpt":{"rendered":"<p>\u00c1 Melger\u00f0ismelum er hesth\u00fas sem byggt var \u00e1ri\u00f0 1976, sem st\u00f3\u00f0hestah\u00fas. H\u00fasi\u00f0 var einangra\u00f0 og endurb\u00e6tt \u00e1ri\u00f0 1998. \u00cd \u00fev\u00ed eru 26 eins hesta st\u00edur. Funi \u00e1 h\u00e1lft h\u00fasi\u00f0 og einkaa\u00f0ilar hinn helminginn. H\u00e6gt er a\u00f0 f\u00e1 h\u00fasi\u00f0 leigt undir tamningast\u00f6\u00f0.<\/p>\n","protected":false},"author":4,"featured_media":0,"parent":311,"menu_order":0,"comment_status":"closed","ping_status":"open","template":"","meta":{"_mi_skip_tracking":false,"_monsterinsights_sitenote_active":false,"_monsterinsights_sitenote_note":"","_monsterinsights_sitenote_category":0,"site-sidebar-layout":"default","site-content-layout":"default","ast-global-header-display":"","ast-banner-title-visibility":"","ast-main-header-display":"","ast-hfb-above-header-display":"","ast-hfb-below-header-display":"","ast-hfb-mobile-header-display":"","site-post-title":"","ast-breadcrumbs-content":"","ast-featured-img":"","footer-sml-layout":"","theme-transparent-header-meta":"","adv-header-id-meta":"","stick-header-meta":"","header-above-stick-meta":"","header-main-stick-meta":"","header-below-stick-meta":"","ngg_post_thumbnail":0},"_links":{"self":[{"href":"https:\/\/funamenn.is\/index.php?rest_route=\/wp\/v2\/pages\/349"}],"collection":[{"href":"https:\/\/funamenn.is\/index.php?rest_route=\/wp\/v2\/pages"}],"about":[{"href":"https:\/\/funamenn.is\/index.php?rest_route=\/wp\/v2\/types\/page"}],"author":[{"embeddable":true,"href":"https:\/\/funamenn.is\/index.php?rest_route=\/wp\/v2\/users\/4"}],"replies":[{"embeddable":true,"href":"https:\/\/funamenn.is\/index.php?rest_route=%2Fwp%2Fv2%2Fcomments&post=349"}],"version-history":[{"count":8,"href":"https:\/\/funamenn.is\/index.php?rest_route=\/wp\/v2\/pages\/349\/revisions"}],"predecessor-version":[{"id":357,"href":"https:\/\/funamenn.is\/index.php?rest_route=\/wp\/v2\/pages\/349\/revisions\/357"}],"up":[{"embeddable":true,"href":"https:\/\/funamenn.is\/index.php?rest_route=\/wp\/v2\/pages\/311"}],"wp:attachment":[{"href":"https:\/\/funamenn.is\/index.php?rest_route=%2Fwp%2Fv2%2Fmedia&parent=349"}],"curies":[{"name":"wp","href":"https:\/\/api.w.org\/{rel}","templated":true}]}}