{"id":338,"date":"2010-04-18T20:36:43","date_gmt":"2010-04-18T20:36:43","guid":{"rendered":"http:\/\/funamenn.is\/?page_id=338"},"modified":"2010-04-18T20:36:51","modified_gmt":"2010-04-18T20:36:51","slug":"melaskjol","status":"publish","type":"page","link":"https:\/\/funamenn.is\/?page_id=338","title":{"rendered":"Melaskj\u00f3l"},"content":{"rendered":"<p><a href=\"http:\/\/funamenn.is\/wp-content\/uploads\/2010\/04\/Melger\u00f0ismelar.jpg\"><img decoding=\"async\" loading=\"lazy\" src=\"http:\/\/funamenn.is\/wp-content\/uploads\/2010\/04\/Melger\u00f0ismelar-150x150.jpg\" alt=\"Melaskj\u00f3l\" title=\"Melger\u00f0ismelar\" width=\"150\" height=\"150\" class=\"alignright size-thumbnail wp-image-339\" \/><\/a>Melaskj\u00f3l er rei\u00f0skemma sem bygg\u00f0 var vi\u00f0 hesth\u00fasi\u00f0 \u00e1 Melger\u00f0ismelum. Eigendur eru Hestamannaf\u00e9lagi\u00f0 Funi me\u00f0 r\u00e9tt r\u00famlega helmings hlut, Hrossar\u00e6ktarf\u00e9lagi\u00f0 N\u00e1ttfari og einstaklingar sem eiga hlut \u00ed hesth\u00fasinu, e\u00f0a \u00e6tla a\u00f0 byggja hesth\u00fas vi\u00f0 rei\u00f0skemmuna. St\u00e6r\u00f0 skemmunnar er um 12,6m x 30,6m og er 3m \u00e1horfendaa\u00f0sta\u00f0a \u00ed \u00f6\u00f0rum endanum og ver\u00f0a teknir 3m af hinum endanum undir hnakkageymslur, snyrtingar og sameiginlega kaffistofu fyrir tv\u00f6 n\u00fd hesth\u00fas sem ver\u00f0a bygg\u00f0 vi\u00f0 vesturenda skemmunnar.<\/p>\n","protected":false},"excerpt":{"rendered":"<p>Melaskj\u00f3l er rei\u00f0skemma sem bygg\u00f0 var vi\u00f0 hesth\u00fasi\u00f0 \u00e1 Melger\u00f0ismelum. Eigendur eru Hestamannaf\u00e9lagi\u00f0 Funi me\u00f0 r\u00e9tt r\u00famlega helmings hlut, Hrossar\u00e6ktarf\u00e9lagi\u00f0 N\u00e1ttfari og einstaklingar sem eiga hlut \u00ed hesth\u00fasinu, e\u00f0a \u00e6tla a\u00f0 byggja hesth\u00fas vi\u00f0 rei\u00f0skemmuna. St\u00e6r\u00f0 skemmunnar er um 12,6m x 30,6m og er 3m \u00e1horfendaa\u00f0sta\u00f0a \u00ed \u00f6\u00f0rum endanum og ver\u00f0a teknir 3m af hinum &hellip;<\/p>\n<p class=\"read-more\"> <a class=\"\" href=\"https:\/\/funamenn.is\/?page_id=338\"> <span class=\"screen-reader-text\">Melaskj\u00f3l<\/span> Read More &raquo;<\/a><\/p>\n","protected":false},"author":4,"featured_media":0,"parent":311,"menu_order":0,"comment_status":"closed","ping_status":"open","template":"","meta":{"_mi_skip_tracking":false,"_monsterinsights_sitenote_active":false,"_monsterinsights_sitenote_note":"","_monsterinsights_sitenote_category":0,"site-sidebar-layout":"default","site-content-layout":"default","ast-global-header-display":"","ast-banner-title-visibility":"","ast-main-header-display":"","ast-hfb-above-header-display":"","ast-hfb-below-header-display":"","ast-hfb-mobile-header-display":"","site-post-title":"","ast-breadcrumbs-content":"","ast-featured-img":"","footer-sml-layout":"","theme-transparent-header-meta":"","adv-header-id-meta":"","stick-header-meta":"","header-above-stick-meta":"","header-main-stick-meta":"","header-below-stick-meta":"","ngg_post_thumbnail":0},"_links":{"self":[{"href":"https:\/\/funamenn.is\/index.php?rest_route=\/wp\/v2\/pages\/338"}],"collection":[{"href":"https:\/\/funamenn.is\/index.php?rest_route=\/wp\/v2\/pages"}],"about":[{"href":"https:\/\/funamenn.is\/index.php?rest_route=\/wp\/v2\/types\/page"}],"author":[{"embeddable":true,"href":"https:\/\/funamenn.is\/index.php?rest_route=\/wp\/v2\/users\/4"}],"replies":[{"embeddable":true,"href":"https:\/\/funamenn.is\/index.php?rest_route=%2Fwp%2Fv2%2Fcomments&post=338"}],"version-history":[{"count":3,"href":"https:\/\/funamenn.is\/index.php?rest_route=\/wp\/v2\/pages\/338\/revisions"}],"predecessor-version":[{"id":342,"href":"https:\/\/funamenn.is\/index.php?rest_route=\/wp\/v2\/pages\/338\/revisions\/342"}],"up":[{"embeddable":true,"href":"https:\/\/funamenn.is\/index.php?rest_route=\/wp\/v2\/pages\/311"}],"wp:attachment":[{"href":"https:\/\/funamenn.is\/index.php?rest_route=%2Fwp%2Fv2%2Fmedia&parent=338"}],"curies":[{"name":"wp","href":"https:\/\/api.w.org\/{rel}","templated":true}]}}