{"id":172,"date":"2010-02-20T17:16:05","date_gmt":"2010-02-20T17:16:05","guid":{"rendered":"http:\/\/funamenn.is\/?page_id=172"},"modified":"2010-04-13T19:00:59","modified_gmt":"2010-04-13T19:00:59","slug":"log","status":"publish","type":"page","link":"https:\/\/funamenn.is\/?page_id=172","title":{"rendered":"L\u00f6g"},"content":{"rendered":"<p style=\"text-align: center;\">1. grein<\/p>\n<p style=\"text-align: left;\">F\u00e9lagi\u00f0 heitir Hestamannaf\u00e9lagi\u00f0 Funi og er a\u00f0ili a\u00f0 U.M.S.E.<\/p>\n<p style=\"text-align: left;\">Starfssv\u00e6\u00f0i f\u00e9lagsins er Eyjafjar\u00f0arsveit. Heimili \u00feess og varnar\u00feing er sama og formanns herju sinni.<\/p>\n<p style=\"text-align: center;\">2. grein<\/p>\n<p style=\"text-align: left;\">Markmi\u00f0 f\u00e9lagsins er a\u00f0 i\u00f0ka hesta\u00ed\u00fer\u00f3ttir, almenna \u00fativist og \u00fej\u00e1lfun me\u00f0 tilliti til s\u00e9rh\u00e6fni \u00edslenska hestsins.<\/p>\n<p style=\"text-align: left;\">Markmi\u00f0i s\u00ednu hyggst f\u00e9lagi\u00f0 n\u00e1 me\u00f0 \u00fev\u00ed me\u00f0al annars a\u00f0:<\/p>\n<p style=\"text-align: left;\">a)\u00a0\u00a0 gangast fyrir kennslu og \u00fej\u00e1lfun fyrir knapa og hesta,<\/p>\n<p style=\"text-align: left;\">b)\u00a0\u00a0 efna til s\u00fdninga og keppni hvers konar,<\/p>\n<p style=\"text-align: left;\">c)\u00a0\u00a0 efla alhli\u00f0a \u00e1huga f\u00e9lagsmanna og almennings fyrir hestamennsku me\u00f0 fr\u00e6\u00f0slu og uppl\u00fdsingastarfsemi,<\/p>\n<p style=\"text-align: left;\">d)\u00a0\u00a0 stu\u00f0la a\u00f0 b\u00e6ttri a\u00f0st\u00f6\u00f0u til i\u00f0kunar almennrar hestamennsku.<\/p>\n<p style=\"text-align: center;\">3. grein<\/p>\n<p style=\"text-align: left;\">F\u00e9lagsma\u00f0ur getur hver s\u00e1 or\u00f0i\u00f0, sem hl\u00fdtur sam\u00feykki stj\u00f3rnar. \u00c1greining um inng\u00f6ngu getur hver og einn bori\u00f0 undir a\u00f0alfund. Unglingar innan 16 \u00e1ra hafa ekki kosningar\u00e9tt, enda grei\u00f0a \u00feeir ekki fullt \u00e1rgjald.<\/p>\n<p style=\"text-align: center;\">4. grein<\/p>\n<p style=\"text-align: left;\">\u00c1rgjald f\u00e9lagsmanna skal \u00e1kve\u00f0i\u00f0 fyrir hvert starfs\u00e1r \u00e1 a\u00f0alfundi. Gjalddagi \u00feess skal vera 15. mars og eindagi \u00feess 15. apr\u00edl. S\u00e9u f\u00e9lagsmenn ekki skuldlausir vi\u00f0 f\u00e9lagi\u00f0 \u00e1 eindaga, missa \u00feeir \u00f6ll f\u00e9lagsleg r\u00e9ttindi \u00ed f\u00e9laginu, \u00fear me\u00f0 keppnisr\u00e9tt, \u00fear til skuldin er a\u00f0 fullu greidd. F\u00e9lagsmenn sem ekki hafa greitt sitt \u00e1rgjald um \u00e1ram\u00f3t, ver\u00f0a sj\u00e1lfkrafa strika\u00f0ir \u00fat af f\u00e9lagaskr\u00e1.<\/p>\n<p style=\"text-align: left;\">Fyrir alvarlegt brot gegn l\u00f6gum f\u00e9lagsins er stj\u00f3rn heimilt a\u00f0 v\u00edkja m\u00f6nnum \u00far f\u00e9laginu. Brottviknum f\u00e9laga er heimilt a\u00f0 \u00e1fr\u00fdja m\u00e1li s\u00ednu til a\u00f0alfundar.<\/p>\n<p style=\"text-align: center;\">5. grein<\/p>\n<p style=\"text-align: left;\">Reiknings\u00e1r f\u00e9lagsins er almanaks\u00e1ri\u00f0.<\/p>\n<p style=\"text-align: center;\">6. grein<\/p>\n<p style=\"text-align: left;\">Stj\u00f3rn f\u00e9lagsins skipa fimm menn, forma\u00f0ur, ritari, gjaldkeri og tveir me\u00f0stj\u00f3rnendur.<\/p>\n<p style=\"text-align: left;\">Formann, ritara og gjaldkera skal kj\u00f3sa s\u00e9rstaklega hvern fyrir sig, a\u00f0 \u00f6\u00f0ru leyti skiptir stj\u00f3rnin me\u00f0 s\u00e9r verkum. Varamenn skulu vera tveir. Allir stj\u00f3rnarmenn, a\u00f0almenn og varamenn skulu kosnir skriflega og til tveggja \u00e1ra \u00ed senn.<\/p>\n<p style=\"text-align: left;\">Forma\u00f0ur \u00fearf a\u00f0 n\u00e1 \u00feri\u00f0jungi greiddra atkv\u00e6\u00f0a, ef ekki skal kosi\u00f0 aftur um \u00fe\u00e1 tvo sem efstir voru a\u00f0 atkv\u00e6\u00f0um. \u00c1vallt skal kj\u00f3sa skriflega \u00ed stj\u00f3rn, \u00fe\u00f3 menn gefi kost \u00e1 s\u00e9r til endurkj\u00f6rs. Kj\u00f3sa skal tvo sko\u00f0endur reikninga \u00feri\u00f0ja hvert \u00e1r. Forma\u00f0ur skal sj\u00e1lfkj\u00f6rinn fulltr\u00fai \u00e1 \u00e1rs\u00feing L.H. Varamenn skulu bo\u00f0a\u00f0ir \u00e1 stj\u00f3rnarfundi og hafa \u00fear m\u00e1lfrelsi og till\u00f6gur\u00e9tt. Komi til atkv\u00e6\u00f0agrei\u00f0slu \u00ed fjarveru a\u00f0almanna, taka varamenn s\u00e6ti \u00ed a\u00f0alstj\u00f3rn \u00ed samr\u00e6mi vi\u00f0 atkv\u00e6\u00f0afj\u00f6lda.<\/p>\n<p style=\"text-align: center;\">7. grein<\/p>\n<p style=\"text-align: left;\">Eftirtaldar fastanefndir og r\u00e1\u00f0 eru \u00ed f\u00e9laginu: h\u00fasnefnd, m\u00f3tanefnd, barna- og unglingar\u00e1\u00f0, skemmtinefnd, rei\u00f0veganefnd, fer\u00f0anefnd og fr\u00e6\u00f0slunefnd. Fyrst talda nefndin er skipu\u00f0 7 m\u00f6nnum, \u00ferj\u00e1r n\u00e6stu eru skipa\u00f0ar 5 m\u00f6nnum og s\u00ed\u00f0ustu \u00ferj\u00e1r eru skipa\u00f0ar 3 m\u00f6nnum. Nefndarmenn eru kosnir til tveggja \u00e1ra \u00ed senn \u00e1 a\u00f0alfundi, \u00fe\u00f3 \u00feannig a\u00f0 aldrei gangi \u00far nefndinni nema naumur meirihluti hverju sinni. Stj\u00f3rn f\u00e9lagsins er heimilt a\u00f0 skipa tengili\u00f0i vi\u00f0 nefndirnar. Stj\u00f3rnin kallar nefndir saman til fyrsta fundar, en a\u00f0 \u00f6\u00f0ru leyti skipta nefndarmenn me\u00f0 s\u00e9r verkum.<\/p>\n<p style=\"text-align: center;\">8. grein<\/p>\n<p style=\"text-align: left;\">A\u00f0alfund skal halda eigi s\u00ed\u00f0ar en \u00ed febr\u00faar \u00e1r hvert. Bo\u00f0a skal til a\u00f0alfundar \u00ed fj\u00f6lmi\u00f0lum me\u00f0 minnst viku fyrirvara og er fundurinn l\u00f6gm\u00e6tur, s\u00e9 l\u00f6glega til hans bo\u00f0a\u00f0.<\/p>\n<p style=\"text-align: left;\">St\u00f6rf a\u00f0alfundar eru:<\/p>\n<p style=\"text-align: left;\">a)\u00a0\u00a0 Sk\u00fdrsla stj\u00f3rnar.<\/p>\n<p style=\"text-align: left;\">b)\u00a0\u00a0 Afgrei\u00f0sla reikninga.<\/p>\n<p style=\"text-align: left;\">c)\u00a0\u00a0 Lagabreytingar ef einhverjar eru.<\/p>\n<p style=\"text-align: left;\">d)\u00a0 \u00a0Ger\u00f0 starfs\u00e1\u00e6tlun fyrir n\u00e6sta \u00e1r.<\/p>\n<p style=\"text-align: left;\">e)\u00a0\u00a0 Tekin \u00e1kv\u00f6r\u00f0un um \u00e1rgjald.<\/p>\n<p style=\"text-align: left;\">f)\u00a0\u00a0 Kosningar.<\/p>\n<p style=\"text-align: left;\">g)\u00a0\u00a0 \u00d6nnur m\u00e1l.<\/p>\n<p style=\"text-align: center;\">9. grein<\/p>\n<p style=\"text-align: left;\">Forma\u00f0ur bo\u00f0ar stj\u00f3rnarfundi eins oft og \u00feurfa \u00feykir og stj\u00f3rnar \u00feeim. Skylt er honum einnig a\u00f0 bo\u00f0a stj\u00f3rnarfundi, ef \u00fer\u00edr stj\u00f3rnarmenn \u00f3ska \u00feess. Stj\u00f3rnarfundir eru l\u00f6gm\u00e6tir ef minnst \u00fer\u00edr stj\u00f3rnarmenn eru m\u00e6ttir \u00e1 fund. Stj\u00f3rn f\u00e9lagsins bo\u00f0ar f\u00e9lagsfundi eins oft og \u00feurfa \u00feykir, e\u00f0a ef 10 f\u00e9lagsmenn, hi\u00f0 minnsta \u00e6skja \u00feess og tilgreina skriflega fundarefni. F\u00e9lagsfundur er l\u00f6gm\u00e6tur ef 10 f\u00e9lagsmenn sitja hann.<\/p>\n<p style=\"text-align: center;\">10. grein<\/p>\n<p style=\"text-align: left;\">L\u00f6gum f\u00e9lagsins ver\u00f0ur a\u00f0eins breytt \u00e1 a\u00f0alfundi, enda s\u00e6ki hann 1\/5 hluti atkv\u00e6\u00f0isb\u00e6rra f\u00e9lagsmanna hi\u00f0 minnsta og 2\/3 fundarmanna sam\u00feykki breytinguna. Lagabreytingar sem f\u00e9lagsmenn \u00f3ska eftir a\u00f0 bornar ver\u00f0i upp \u00e1 a\u00f0alfundi, skulu sendar f\u00e9lagsstj\u00f3rn fyrir 31. desember fyrir a\u00f0alfund. Sama gildir um lagabreytingar sem stj\u00f3rnin kann a\u00f0 eiga frumkv\u00e6\u00f0i\u00f0 a\u00f0.<\/p>\n<p style=\"text-align: center;\">11. grein<\/p>\n<p style=\"text-align: left;\">F\u00e9lagi\u00f0 er eignara\u00f0ili a\u00f0 Melger\u00f0ismelum og ber stj\u00f3rna a\u00f0 skipa tvo menn og einn til vara \u00ed framkv\u00e6mdastj\u00f3rn Melger\u00f0ismela.<\/p>\n<p style=\"text-align: center;\">12. grein<\/p>\n<p style=\"text-align: left;\">Till\u00f6gur um f\u00e9lagsslit skulu s\u00e6ta s\u00f6mu me\u00f0fer\u00f0 og lagabreytingar. Komi til \u00feess a\u00f0 f\u00e9lagi\u00f0 ver\u00f0i leyst upp skulu eignir \u00feess vera \u00ed v\u00f6rslu Eyjafjar\u00f0arsveitar og r\u00e1\u00f0stafar sveitarstj\u00f3rn eigum \u00ed sem bestu samr\u00e6mi vi\u00f0 \u00feann tilgang sem f\u00e9laginu var settur \u00ed upphafi. \u00dea\u00f0 telst ekki upplausn \u00fe\u00f3tt f\u00e9lagi\u00f0 sameinist \u00f6\u00f0ru hli\u00f0st\u00e6\u00f0u f\u00e9lagi e\u00f0a f\u00e9l\u00f6gum. R\u00e1\u00f0st\u00f6funarr\u00e9ttur \u00e1 fj\u00e1rrei\u00f0um f\u00e9lagsins kemur ekki til framkv\u00e6mda fyrr en a\u00f0 minnst tveimur \u00e1rum li\u00f0num fr\u00e1 upplausn f\u00e9lagsins.<\/p>\n<p style=\"text-align: right;\">Sam\u00feykkt \u00e1 a\u00f0alfundi \u00ed febr\u00faar 1996.<\/p>\n<p style=\"text-align: right;\">Breytt \u00e1 a\u00f0alfundi \u00ed febr\u00faar 1998.<\/p>\n<p style=\"text-align: right;\">Breytt \u00e1 a\u00f0alfundi \u00ed febr\u00faar 2000.<\/p>\n","protected":false},"excerpt":{"rendered":"<p>1. grein F\u00e9lagi\u00f0 heitir Hestamannaf\u00e9lagi\u00f0 Funi og er a\u00f0ili a\u00f0 U.M.S.E. Starfssv\u00e6\u00f0i f\u00e9lagsins er Eyjafjar\u00f0arsveit. Heimili \u00feess og varnar\u00feing er sama og formanns herju sinni. 2. grein Markmi\u00f0 f\u00e9lagsins er a\u00f0 i\u00f0ka hesta\u00ed\u00fer\u00f3ttir, almenna \u00fativist og \u00fej\u00e1lfun me\u00f0 tilliti til s\u00e9rh\u00e6fni \u00edslenska hestsins. Markmi\u00f0i s\u00ednu hyggst f\u00e9lagi\u00f0 n\u00e1 me\u00f0 \u00fev\u00ed me\u00f0al annars a\u00f0: a)\u00a0\u00a0 gangast &hellip;<\/p>\n<p class=\"read-more\"> <a class=\"\" href=\"https:\/\/funamenn.is\/?page_id=172\"> <span class=\"screen-reader-text\">L\u00f6g<\/span> Read More &raquo;<\/a><\/p>\n","protected":false},"author":4,"featured_media":0,"parent":25,"menu_order":4,"comment_status":"open","ping_status":"open","template":"","meta":{"_mi_skip_tracking":false,"_monsterinsights_sitenote_active":false,"_monsterinsights_sitenote_note":"","_monsterinsights_sitenote_category":0,"site-sidebar-layout":"default","site-content-layout":"default","ast-global-header-display":"","ast-banner-title-visibility":"","ast-main-header-display":"","ast-hfb-above-header-display":"","ast-hfb-below-header-display":"","ast-hfb-mobile-header-display":"","site-post-title":"","ast-breadcrumbs-content":"","ast-featured-img":"","footer-sml-layout":"","theme-transparent-header-meta":"","adv-header-id-meta":"","stick-header-meta":"","header-above-stick-meta":"","header-main-stick-meta":"","header-below-stick-meta":"","ngg_post_thumbnail":0},"_links":{"self":[{"href":"https:\/\/funamenn.is\/index.php?rest_route=\/wp\/v2\/pages\/172"}],"collection":[{"href":"https:\/\/funamenn.is\/index.php?rest_route=\/wp\/v2\/pages"}],"about":[{"href":"https:\/\/funamenn.is\/index.php?rest_route=\/wp\/v2\/types\/page"}],"author":[{"embeddable":true,"href":"https:\/\/funamenn.is\/index.php?rest_route=\/wp\/v2\/users\/4"}],"replies":[{"embeddable":true,"href":"https:\/\/funamenn.is\/index.php?rest_route=%2Fwp%2Fv2%2Fcomments&post=172"}],"version-history":[{"count":6,"href":"https:\/\/funamenn.is\/index.php?rest_route=\/wp\/v2\/pages\/172\/revisions"}],"predecessor-version":[{"id":296,"href":"https:\/\/funamenn.is\/index.php?rest_route=\/wp\/v2\/pages\/172\/revisions\/296"}],"up":[{"embeddable":true,"href":"https:\/\/funamenn.is\/index.php?rest_route=\/wp\/v2\/pages\/25"}],"wp:attachment":[{"href":"https:\/\/funamenn.is\/index.php?rest_route=%2Fwp%2Fv2%2Fmedia&parent=172"}],"curies":[{"name":"wp","href":"https:\/\/api.w.org\/{rel}","templated":true}]}}