{"id":119,"date":"2010-02-08T20:53:02","date_gmt":"2010-02-08T20:53:02","guid":{"rendered":"http:\/\/funamenn.is\/?page_id=119"},"modified":"2025-02-14T12:39:43","modified_gmt":"2025-02-14T12:39:43","slug":"fr%c3%a6%c3%b0slunefnd-2","status":"publish","type":"page","link":"https:\/\/funamenn.is\/?page_id=119","title":{"rendered":"Fr\u00e6\u00f0slunefnd"},"content":{"rendered":"<p>\u00c1sd\u00eds Helga Sigursteinsd\u00f3ttir Kr\u00f3nust\u00f6\u00f0um 605 Akureyri asdishelga@gmail.com gsm 8679522<\/p>\n<p>Sigr\u00ed\u00f0ur Bjarnad\u00f3ttir H\u00f3lsger\u00f0i 605 Akureyri <a href=\"mailto:holsgerdi@simnet.is\">holsgerdi@simnet.is<\/a> gsm 857-5457<\/p>\n<p>Valur \u00c1smundsson H\u00f3lsh\u00fasum 605 Akureyri valurasmundsson@gmail.com gsm 860-9038<\/p>\n<p>Stef\u00e1n Birgir Stef\u00e1nsson Litla-Gar\u00f0i 605 Akureyri <a href=\"mailto:herdisarm@simnet.is\">herdisarm@simnet.is<\/a> gsm 896-1249<\/p>\n","protected":false},"excerpt":{"rendered":"<p>\u00c1sd\u00eds Helga Sigursteinsd\u00f3ttir Kr\u00f3nust\u00f6\u00f0um 605 Akureyri asdishelga@gmail.com gsm 8679522 Sigr\u00ed\u00f0ur Bjarnad\u00f3ttir H\u00f3lsger\u00f0i 605 Akureyri holsgerdi@simnet.is gsm 857-5457 Valur \u00c1smundsson H\u00f3lsh\u00fasum 605 Akureyri valurasmundsson@gmail.com gsm 860-9038 Stef\u00e1n Birgir Stef\u00e1nsson Litla-Gar\u00f0i 605 Akureyri herdisarm@simnet.is gsm 896-1249<\/p>\n","protected":false},"author":4,"featured_media":0,"parent":23,"menu_order":0,"comment_status":"closed","ping_status":"open","template":"","meta":{"_mi_skip_tracking":false,"_monsterinsights_sitenote_active":false,"_monsterinsights_sitenote_note":"","_monsterinsights_sitenote_category":0,"site-sidebar-layout":"default","site-content-layout":"default","ast-global-header-display":"","ast-banner-title-visibility":"","ast-main-header-display":"","ast-hfb-above-header-display":"","ast-hfb-below-header-display":"","ast-hfb-mobile-header-display":"","site-post-title":"","ast-breadcrumbs-content":"","ast-featured-img":"","footer-sml-layout":"","theme-transparent-header-meta":"","adv-header-id-meta":"","stick-header-meta":"","header-above-stick-meta":"","header-main-stick-meta":"","header-below-stick-meta":"","ngg_post_thumbnail":0},"_links":{"self":[{"href":"https:\/\/funamenn.is\/index.php?rest_route=\/wp\/v2\/pages\/119"}],"collection":[{"href":"https:\/\/funamenn.is\/index.php?rest_route=\/wp\/v2\/pages"}],"about":[{"href":"https:\/\/funamenn.is\/index.php?rest_route=\/wp\/v2\/types\/page"}],"author":[{"embeddable":true,"href":"https:\/\/funamenn.is\/index.php?rest_route=\/wp\/v2\/users\/4"}],"replies":[{"embeddable":true,"href":"https:\/\/funamenn.is\/index.php?rest_route=%2Fwp%2Fv2%2Fcomments&post=119"}],"version-history":[{"count":24,"href":"https:\/\/funamenn.is\/index.php?rest_route=\/wp\/v2\/pages\/119\/revisions"}],"predecessor-version":[{"id":5992,"href":"https:\/\/funamenn.is\/index.php?rest_route=\/wp\/v2\/pages\/119\/revisions\/5992"}],"up":[{"embeddable":true,"href":"https:\/\/funamenn.is\/index.php?rest_route=\/wp\/v2\/pages\/23"}],"wp:attachment":[{"href":"https:\/\/funamenn.is\/index.php?rest_route=%2Fwp%2Fv2%2Fmedia&parent=119"}],"curies":[{"name":"wp","href":"https:\/\/api.w.org\/{rel}","templated":true}]}}