{"id":114,"date":"2010-02-08T20:49:11","date_gmt":"2010-02-08T20:49:11","guid":{"rendered":"http:\/\/funamenn.is\/?page_id=114"},"modified":"2025-02-14T12:41:11","modified_gmt":"2025-02-14T12:41:11","slug":"husnefnd","status":"publish","type":"page","link":"https:\/\/funamenn.is\/?page_id=114","title":{"rendered":"H\u00fasnefnd"},"content":{"rendered":"<p><strong><u>H\u00fasnefnd:<\/u><\/strong><\/p>\n<p>Forma\u00f0ur: Hafd\u00eds D\u00f6gg Sveinbjarnard\u00f3ttir Leyningi 605 Akureyri<\/p>\n<p><a href=\"mailto:annakrarna@simnet.is\">hafdisds@simnet.is<\/a> gsm 861-1348<\/p>\n<p>Haf\u00fe\u00f3r Magni S\u00f3lmundsson \u00c1rger\u00f0i 605 Akureyri<\/p>\n<p>R\u00f3sa Hreinsd\u00f3ttir Halld\u00f3rsst\u00f6\u00f0um 605 Akureyri<\/p>\n<p>Anett Andersen K\u00e1lfager\u00f0i 605 Akureyri<\/p>\n<p>Helga Rut S\u00e6mundsd\u00f3ttir S\u00e1msst\u00f6\u00f0um 605 Akureyri<\/p>\n<p>Lilja Bj\u00f6rk Birgisd\u00f3ttir Torfufelli 2 605 Akureyri<\/p>\n<p>Sigur\u00f0ur Andr\u00e9s Sverrisson Bringu 605 Akureyri<\/p>\n<p>Halld\u00f3ra Magn\u00fasd\u00f3ttir Skj\u00f3lgar\u00f0i 605 Akureyri,&nbsp;<\/p>\n","protected":false},"excerpt":{"rendered":"<p>H\u00fasnefnd: Forma\u00f0ur: Hafd\u00eds D\u00f6gg Sveinbjarnard\u00f3ttir Leyningi 605 Akureyri hafdisds@simnet.is gsm 861-1348 Haf\u00fe\u00f3r Magni S\u00f3lmundsson \u00c1rger\u00f0i 605 Akureyri R\u00f3sa Hreinsd\u00f3ttir Halld\u00f3rsst\u00f6\u00f0um 605 Akureyri Anett Andersen K\u00e1lfager\u00f0i 605 Akureyri Helga Rut S\u00e6mundsd\u00f3ttir S\u00e1msst\u00f6\u00f0um 605 Akureyri Lilja Bj\u00f6rk Birgisd\u00f3ttir Torfufelli 2 605 Akureyri Sigur\u00f0ur Andr\u00e9s Sverrisson Bringu 605 Akureyri Halld\u00f3ra Magn\u00fasd\u00f3ttir Skj\u00f3lgar\u00f0i 605 Akureyri,&nbsp;<\/p>\n","protected":false},"author":4,"featured_media":0,"parent":23,"menu_order":0,"comment_status":"closed","ping_status":"open","template":"","meta":{"_mi_skip_tracking":false,"_monsterinsights_sitenote_active":false,"_monsterinsights_sitenote_note":"","_monsterinsights_sitenote_category":0,"site-sidebar-layout":"default","site-content-layout":"default","ast-global-header-display":"","ast-banner-title-visibility":"","ast-main-header-display":"","ast-hfb-above-header-display":"","ast-hfb-below-header-display":"","ast-hfb-mobile-header-display":"","site-post-title":"","ast-breadcrumbs-content":"","ast-featured-img":"","footer-sml-layout":"","theme-transparent-header-meta":"","adv-header-id-meta":"","stick-header-meta":"","header-above-stick-meta":"","header-main-stick-meta":"","header-below-stick-meta":"","ngg_post_thumbnail":0},"_links":{"self":[{"href":"https:\/\/funamenn.is\/index.php?rest_route=\/wp\/v2\/pages\/114"}],"collection":[{"href":"https:\/\/funamenn.is\/index.php?rest_route=\/wp\/v2\/pages"}],"about":[{"href":"https:\/\/funamenn.is\/index.php?rest_route=\/wp\/v2\/types\/page"}],"author":[{"embeddable":true,"href":"https:\/\/funamenn.is\/index.php?rest_route=\/wp\/v2\/users\/4"}],"replies":[{"embeddable":true,"href":"https:\/\/funamenn.is\/index.php?rest_route=%2Fwp%2Fv2%2Fcomments&post=114"}],"version-history":[{"count":28,"href":"https:\/\/funamenn.is\/index.php?rest_route=\/wp\/v2\/pages\/114\/revisions"}],"predecessor-version":[{"id":5994,"href":"https:\/\/funamenn.is\/index.php?rest_route=\/wp\/v2\/pages\/114\/revisions\/5994"}],"up":[{"embeddable":true,"href":"https:\/\/funamenn.is\/index.php?rest_route=\/wp\/v2\/pages\/23"}],"wp:attachment":[{"href":"https:\/\/funamenn.is\/index.php?rest_route=%2Fwp%2Fv2%2Fmedia&parent=114"}],"curies":[{"name":"wp","href":"https:\/\/api.w.org\/{rel}","templated":true}]}}