{"id":106,"date":"2010-02-08T20:23:01","date_gmt":"2010-02-08T20:23:01","guid":{"rendered":"http:\/\/funamenn.is\/?page_id=106"},"modified":"2024-04-14T18:31:57","modified_gmt":"2024-04-14T18:31:57","slug":"motanefnd","status":"publish","type":"page","link":"https:\/\/funamenn.is\/?page_id=106","title":{"rendered":"M\u00f3tanefnd"},"content":{"rendered":"<p><strong><u>M\u00f3tanefnd:<\/u><\/strong><\/p>\n<p>Forma\u00f0ur: Steingr\u00edmur Magn\u00fasson Skj\u00f3lgar\u00f0i 605 Akureyri<\/p>\n<p><a href=\"mailto:steini@tyrma.is\">steini@tyrma.is<\/a> gsm 892-2018<\/p>\n<p>Sveinn Ingi Kjartansson Sy\u00f0ra- Felli 605 Akureyri<\/p>\n<p>Stef\u00e1n Birgir Stef\u00e1nsson Litla-Gar\u00f0i 605 Akureyri<\/p>\n<p>Gunnhildur Erla \u00de\u00f3rirsd\u00f3ttir Rifkelsst\u00f6\u00f0um 605 Akureyri<\/p>\n<p>Adam P\u00e9tursson Rifkelsst\u00f6\u00f0um&nbsp; 605 Akureyri<\/p>\n<p>&nbsp;<\/p>\n<p>&nbsp;<\/p>\n<p>&nbsp;<\/p>\n","protected":false},"excerpt":{"rendered":"<p>M\u00f3tanefnd: Forma\u00f0ur: Steingr\u00edmur Magn\u00fasson Skj\u00f3lgar\u00f0i 605 Akureyri steini@tyrma.is gsm 892-2018 Sveinn Ingi Kjartansson Sy\u00f0ra- Felli 605 Akureyri Stef\u00e1n Birgir Stef\u00e1nsson Litla-Gar\u00f0i 605 Akureyri Gunnhildur Erla \u00de\u00f3rirsd\u00f3ttir Rifkelsst\u00f6\u00f0um 605 Akureyri Adam P\u00e9tursson Rifkelsst\u00f6\u00f0um&nbsp; 605 Akureyri &nbsp; &nbsp; &nbsp;<\/p>\n","protected":false},"author":4,"featured_media":0,"parent":23,"menu_order":0,"comment_status":"closed","ping_status":"open","template":"","meta":{"_mi_skip_tracking":false,"_monsterinsights_sitenote_active":false,"_monsterinsights_sitenote_note":"","_monsterinsights_sitenote_category":0,"site-sidebar-layout":"default","site-content-layout":"default","ast-global-header-display":"","ast-banner-title-visibility":"","ast-main-header-display":"","ast-hfb-above-header-display":"","ast-hfb-below-header-display":"","ast-hfb-mobile-header-display":"","site-post-title":"","ast-breadcrumbs-content":"","ast-featured-img":"","footer-sml-layout":"","theme-transparent-header-meta":"","adv-header-id-meta":"","stick-header-meta":"","header-above-stick-meta":"","header-main-stick-meta":"","header-below-stick-meta":"","ngg_post_thumbnail":0},"_links":{"self":[{"href":"https:\/\/funamenn.is\/index.php?rest_route=\/wp\/v2\/pages\/106"}],"collection":[{"href":"https:\/\/funamenn.is\/index.php?rest_route=\/wp\/v2\/pages"}],"about":[{"href":"https:\/\/funamenn.is\/index.php?rest_route=\/wp\/v2\/types\/page"}],"author":[{"embeddable":true,"href":"https:\/\/funamenn.is\/index.php?rest_route=\/wp\/v2\/users\/4"}],"replies":[{"embeddable":true,"href":"https:\/\/funamenn.is\/index.php?rest_route=%2Fwp%2Fv2%2Fcomments&post=106"}],"version-history":[{"count":23,"href":"https:\/\/funamenn.is\/index.php?rest_route=\/wp\/v2\/pages\/106\/revisions"}],"predecessor-version":[{"id":5878,"href":"https:\/\/funamenn.is\/index.php?rest_route=\/wp\/v2\/pages\/106\/revisions\/5878"}],"up":[{"embeddable":true,"href":"https:\/\/funamenn.is\/index.php?rest_route=\/wp\/v2\/pages\/23"}],"wp:attachment":[{"href":"https:\/\/funamenn.is\/index.php?rest_route=%2Fwp%2Fv2%2Fmedia&parent=106"}],"curies":[{"name":"wp","href":"https:\/\/api.w.org\/{rel}","templated":true}]}}