{"id":2024,"date":"2012-01-22T17:14:34","date_gmt":"2012-01-22T17:14:34","guid":{"rendered":"http:\/\/funamenn.is\/?page_id=2024"},"modified":"2023-03-31T10:24:12","modified_gmt":"2023-03-31T10:24:12","slug":"funafrettir","status":"publish","type":"page","link":"http:\/\/funamenn.is\/?page_id=2024","title":{"rendered":"Funafr\u00e9ttir"},"content":{"rendered":"<p>Undir hlekknum t\u00f6lubl\u00f6\u00f0 h\u00e9r til vinstri m\u00e1 n\u00e1lgast <em>t\u00f6lubl\u00f6\u00f0<\/em> Funafr\u00e9tta \u00e1 pdf formi.<\/p>\n","protected":false},"excerpt":{"rendered":"<p>Undir hlekknum t\u00f6lubl\u00f6\u00f0 h\u00e9r til vinstri m\u00e1 n\u00e1lgast t\u00f6lubl\u00f6\u00f0 Funafr\u00e9tta \u00e1 pdf formi.<\/p>\n","protected":false},"author":5,"featured_media":0,"parent":0,"menu_order":0,"comment_status":"closed","ping_status":"closed","template":"","meta":{"_mi_skip_tracking":false,"_monsterinsights_sitenote_active":false,"_monsterinsights_sitenote_note":"","_monsterinsights_sitenote_category":0,"site-sidebar-layout":"default","site-content-layout":"default","ast-global-header-display":"","ast-banner-title-visibility":"","ast-main-header-display":"","ast-hfb-above-header-display":"","ast-hfb-below-header-display":"","ast-hfb-mobile-header-display":"","site-post-title":"","ast-breadcrumbs-content":"","ast-featured-img":"","footer-sml-layout":"","theme-transparent-header-meta":"","adv-header-id-meta":"","stick-header-meta":"","header-above-stick-meta":"","header-main-stick-meta":"","header-below-stick-meta":"","ngg_post_thumbnail":0},"_links":{"self":[{"href":"http:\/\/funamenn.is\/index.php?rest_route=\/wp\/v2\/pages\/2024"}],"collection":[{"href":"http:\/\/funamenn.is\/index.php?rest_route=\/wp\/v2\/pages"}],"about":[{"href":"http:\/\/funamenn.is\/index.php?rest_route=\/wp\/v2\/types\/page"}],"author":[{"embeddable":true,"href":"http:\/\/funamenn.is\/index.php?rest_route=\/wp\/v2\/users\/5"}],"replies":[{"embeddable":true,"href":"http:\/\/funamenn.is\/index.php?rest_route=%2Fwp%2Fv2%2Fcomments&post=2024"}],"version-history":[{"count":6,"href":"http:\/\/funamenn.is\/index.php?rest_route=\/wp\/v2\/pages\/2024\/revisions"}],"predecessor-version":[{"id":5795,"href":"http:\/\/funamenn.is\/index.php?rest_route=\/wp\/v2\/pages\/2024\/revisions\/5795"}],"wp:attachment":[{"href":"http:\/\/funamenn.is\/index.php?rest_route=%2Fwp%2Fv2%2Fmedia&parent=2024"}],"curies":[{"name":"wp","href":"https:\/\/api.w.org\/{rel}","templated":true}]}}